{"id":235,"date":"2019-08-16T10:57:13","date_gmt":"2019-08-16T08:57:13","guid":{"rendered":"http:\/\/muetterbefragung.buero-stuermer.de\/datenschutz\/"},"modified":"2019-11-22T16:56:51","modified_gmt":"2019-11-22T15:56:51","slug":"datenschutz","status":"publish","type":"page","link":"https:\/\/muetterbefragung.de\/en\/datenschutz\/","title":{"rendered":"privacy statement"},"content":{"rendered":"<p>[vc_row row_height_percent=&#8221;0&#8243; overlay_alpha=&#8221;50&#8243; gutter_size=&#8221;3&#8243; column_width_percent=&#8221;100&#8243; shift_y=&#8221;0&#8243; z_index=&#8221;0&#8243;][vc_column column_width_percent=&#8221;90&#8243; gutter_size=&#8221;3&#8243; overlay_alpha=&#8221;50&#8243; shift_x=&#8221;0&#8243; shift_y=&#8221;0&#8243; shift_y_down=&#8221;0&#8243; z_index=&#8221;0&#8243; medium_width=&#8221;0&#8243; mobile_width=&#8221;0&#8243; width=&#8221;1\/1&#8243;][\/vc_column][\/vc_row][vc_row row_height_percent=&#8221;0&#8243; override_padding=&#8221;yes&#8221; h_padding=&#8221;2&#8243; top_padding=&#8221;2&#8243; bottom_padding=&#8221;2&#8243; overlay_alpha=&#8221;50&#8243; gutter_size=&#8221;3&#8243; column_width_percent=&#8221;100&#8243; shift_y=&#8221;0&#8243; z_index=&#8221;0&#8243;][vc_column column_width_percent=&#8221;100&#8243; gutter_size=&#8221;3&#8243; overlay_alpha=&#8221;50&#8243; shift_x=&#8221;0&#8243; shift_y=&#8221;0&#8243; shift_y_down=&#8221;0&#8243; z_index=&#8221;0&#8243; medium_width=&#8221;0&#8243; mobile_width=&#8221;0&#8243; width=&#8221;1\/6&#8243;][\/vc_column][vc_column column_width_percent=&#8221;90&#8243; gutter_size=&#8221;3&#8243; overlay_alpha=&#8221;50&#8243; shift_x=&#8221;0&#8243; shift_y=&#8221;0&#8243; shift_y_down=&#8221;0&#8243; z_index=&#8221;0&#8243; medium_width=&#8221;0&#8243; mobile_width=&#8221;0&#8243; width=&#8221;4\/6&#8243;][vc_custom_heading]<\/p>\n<div class=\"page\" title=\"Page 1\">\n<div class=\"layoutArea\">\n<div class=\"column\">\n<p>privacy statement<\/p>\n<\/div>\n<\/div>\n<\/div>\n<p>[\/vc_custom_heading][vc_column_text]<\/p>\n<h3>\u00a7 1 Ki\u015fisel verilerin toplanmas\u0131 hakk\u0131nda bilgi<\/h3>\n<p>(1) A\u015fa\u011f\u0131da, web sitemizi kullan\u0131rken ki\u015fisel verilerin toplanmas\u0131 hakk\u0131nda sizi bilgilendirece\u011fiz. Ki\u015fisel veriler, ki\u015fisel olarak sizinle ilgili olabilecek t\u00fcm verilerdir; isim, adres, e-posta adresleri, kullan\u0131c\u0131 davran\u0131\u015f\u0131.<br \/>\n(2) Sanat uyar\u0131nca sorumlu ki\u015fi. 4 Paragraf. Temel AB Veri Koruma Y\u00f6netmeli\u011finin (DSGVO) 7&#8217;si, Sanakey GmbH, Robert-Koch-Platz 9, 10115 Berlin \/ s. Veri koruma memurumuza datenschutz@difa-vf.de adresinden veya posta adresimize &#8220;veri koruma memuru&#8221; ekleyerek ula\u015fabilirsiniz.<br \/>\n(3) Bizimle e-posta ile ileti\u015fime ge\u00e7ti\u011finizde, bize sa\u011flad\u0131\u011f\u0131n\u0131z veriler (e-posta adresiniz, muhtemelen ad\u0131n\u0131z ve telefon numaran\u0131z) sorular\u0131n\u0131z\u0131 yan\u0131tlamak i\u00e7in taraf\u0131m\u0131zdan saklan\u0131r. Bu ba\u011flamda ortaya \u00e7\u0131kan verileri art\u0131k depolanmas\u0131 gerekmedi\u011finde silece\u011fiz ya da yasal depolama zorunluluklar\u0131 varsa i\u015flemi k\u0131s\u0131tlayaca\u011f\u0131z.<\/p>\n<h3>\u00a7 2 Haklar\u0131n\u0131z<\/h3>\n<p><strong> (1) Ki\u015fisel verilerinizle ilgili olarak bize kar\u015f\u0131 a\u015fa\u011f\u0131daki haklara sahipsiniz: <\/strong><\/p>\n<p>&#8211; Bilgi edinme hakk\u0131,<br \/>\n&#8211; D\u00fczeltme veya silme hakk\u0131,<br \/>\n&#8211; \u0130\u015flemi s\u0131n\u0131rland\u0131rma hakk\u0131,<br \/>\n&#8211; \u0130\u015fleme itiraz hakk\u0131,<br \/>\n&#8211; Veri aktarabiliri\u011fi hakk\u0131.<\/p>\n<p>(2) Ayr\u0131ca, ki\u015fisel verilerinizin taraf\u0131m\u0131zca i\u015flenmesi hakk\u0131nda veri koruma denetleme makam\u0131na \u015fikayet etme hakk\u0131n\u0131z vard\u0131r.<\/p>\n<h3>\u00a7 3 Web sitemizi ziyaret etti\u011finizde ki\u015fisel verilerin toplanmas\u0131<\/h3>\n<p>(1) Web sitesini kullan\u0131rken sadece taray\u0131c\u0131n\u0131z\u0131n sunucumuza iletti\u011fi ki\u015fisel verileri topluyoruz. Web sitemizi g\u00f6r\u00fcnt\u00fclemek isterseniz, web sitemizi size g\u00f6stermek ve istikrar ve g\u00fcvenli\u011fi sa\u011flamak i\u00e7in teknik olarak gerekli olan a\u015fa\u011f\u0131daki verileri topluyoruz (yasal dayanak Madde 6 Paragraf. 1 S. 1 lit. f DS- GMT):<br \/>\n&#8211; IP adresi<br \/>\n&#8211; Talebin tarihi ve saati<br \/>\n&#8211; Greenwich Ortalama Saati&#8217;ne (GMT) g\u00f6re saat dilimi fark\u0131<br \/>\n&#8211; Talebin i\u00e7eri\u011fi (somut sayfa)<br \/>\n&#8211; Eri\u015fim durumu \/ HTTP durum kodu<br \/>\n&#8211; Her durumda aktar\u0131lan veri miktar\u0131<br \/>\n&#8211; \u0130ste\u011fin kaynakland\u0131\u011f\u0131 web sitesi<br \/>\n&#8211; Taray\u0131c\u0131<br \/>\n&#8211; \u0130\u015fletim sistemi ve aray\u00fcz\u00fc<br \/>\n&#8211; Taray\u0131c\u0131 yaz\u0131l\u0131m\u0131n\u0131n dili ve s\u00fcr\u00fcm\u00fc.<\/p>\n<p>(2) Yukar\u0131da belirtilen verilere ek olarak, web sitemizi kullan\u0131rken \u00e7erezler (cookies) bilgisayar\u0131n\u0131zda saklan\u0131r. \u00c7erezler, kulland\u0131\u011f\u0131n\u0131z taray\u0131c\u0131ya atanan sabit s\u00fcr\u00fcc\u00fcn\u00fczde depolanan ve belirli bilgilerin \u00e7erezi ayarlayan konuma (burada taraf\u0131m\u0131zca verilen) aktard\u0131\u011f\u0131 k\u00fc\u00e7\u00fck metin dosyalar\u0131d\u0131r. \u00c7erezler programlar\u0131 y\u00fcr\u00fctemez veya bilgisayar\u0131n\u0131za vir\u00fcs bula\u015ft\u0131ramazlar. Web sitesinin daha kullan\u0131c\u0131 dostu ve etkili olmas\u0131na hizmet ediyorlar.<\/p>\n<p>(3) \u00c7erezlerin kullan\u0131m\u0131:<br \/>\na) Bu web sitesi kapsam\u0131 ve i\u015flevi a\u015fa\u011f\u0131da a\u00e7\u0131klanan a\u015fa\u011f\u0131daki \u00e7erez t\u00fcrlerini kullan\u0131r:<br \/>\n&#8211; Ge\u00e7ici \u00c7erezler (bkz. B)<br \/>\n&#8211; Kal\u0131c\u0131 kurabiye (bkz. C).<br \/>\nb) Taray\u0131c\u0131n\u0131z\u0131 kapatt\u0131\u011f\u0131n\u0131zda ge\u00e7ici \u00e7erezler otomatik olarak silinir. Bunlar aras\u0131nda belirli oturum \u00e7erezleri bulunur. Taray\u0131c\u0131n\u0131zdan payla\u015f\u0131lan oturuma \u00e7e\u015fitli istekleri atamak i\u00e7in kullan\u0131labilecek bir oturum kimli\u011fi olarak adland\u0131r\u0131l\u0131rlar. Bu, web sitemize d\u00f6nd\u00fc\u011f\u00fcn\u00fczde bilgisayar\u0131n\u0131z\u0131n tan\u0131nmas\u0131n\u0131 sa\u011flar. Oturumu kapatt\u0131\u011f\u0131n\u0131zda veya taray\u0131c\u0131y\u0131 kapatt\u0131\u011f\u0131n\u0131zda oturum \u00e7erezleri silinir.<br \/>\nc) Kal\u0131c\u0131 \u00e7erezler, \u00e7erezlere ba\u011fl\u0131 olarak de\u011fi\u015febilen belirli bir s\u00fcre sonra otomatik olarak silinir. \u00c7erezleri, taray\u0131c\u0131n\u0131z\u0131n g\u00fcvenlik ayarlar\u0131nda istedi\u011finiz zaman silebilirsiniz.<br \/>\nd) Taray\u0131c\u0131 ayarlar\u0131n\u0131z\u0131 isteklerinize g\u00f6re yap\u0131land\u0131rabilir. \u00d6rne\u011fin, \u00fc\u00e7\u00fcnc\u00fc taraf \u00e7erezlerini veya t\u00fcm \u00e7erezleri kabul etmeyi reddedebilirsiniz. Bu web sitesinin t\u00fcm fonksiyonlar\u0131n\u0131 kullanamayabilece\u011finizi belirtmek isteriz.[\/vc_column_text][\/vc_column][vc_column width=&#8221;1\/6&#8243;][\/vc_column][\/vc_row]<\/p>\n","protected":false},"excerpt":{"rendered":"<p>[vc_row row_height_percent=&#8221;0&#8243; overlay_alpha=&#8221;50&#8243; gutter_size=&#8221;3&#8243; column_width_percent=&#8221;100&#8243; shift_y=&#8221;0&#8243; z_index=&#8221;0&#8243;][vc_column column_width_percent=&#8221;90&#8243; gutter_size=&#8221;3&#8243; overlay_alpha=&#8221;50&#8243; shift_x=&#8221;0&#8243; shift_y=&#8221;0&#8243; shift_y_down=&#8221;0&#8243; z_index=&#8221;0&#8243; medium_width=&#8221;0&#8243; mobile_width=&#8221;0&#8243; width=&#8221;1\/1&#8243;][\/vc_column][\/vc_row][vc_row row_height_percent=&#8221;0&#8243; override_padding=&#8221;yes&#8221; h_padding=&#8221;2&#8243; [&hellip;]<\/p>\n","protected":false},"author":1,"featured_media":0,"parent":0,"menu_order":0,"comment_status":"closed","ping_status":"closed","template":"","meta":[],"_links":{"self":[{"href":"https:\/\/muetterbefragung.de\/en\/wp-json\/wp\/v2\/pages\/235"}],"collection":[{"href":"https:\/\/muetterbefragung.de\/en\/wp-json\/wp\/v2\/pages"}],"about":[{"href":"https:\/\/muetterbefragung.de\/en\/wp-json\/wp\/v2\/types\/page"}],"author":[{"embeddable":true,"href":"https:\/\/muetterbefragung.de\/en\/wp-json\/wp\/v2\/users\/1"}],"replies":[{"embeddable":true,"href":"https:\/\/muetterbefragung.de\/en\/wp-json\/wp\/v2\/comments?post=235"}],"version-history":[{"count":17,"href":"https:\/\/muetterbefragung.de\/en\/wp-json\/wp\/v2\/pages\/235\/revisions"}],"predecessor-version":[{"id":520,"href":"https:\/\/muetterbefragung.de\/en\/wp-json\/wp\/v2\/pages\/235\/revisions\/520"}],"wp:attachment":[{"href":"https:\/\/muetterbefragung.de\/en\/wp-json\/wp\/v2\/media?parent=235"}],"curies":[{"name":"wp","href":"https:\/\/api.w.org\/{rel}","templated":true}]}}