{"id":112,"date":"2019-08-13T09:54:56","date_gmt":"2019-08-13T07:54:56","guid":{"rendered":"http:\/\/muetterbefragung.buero-stuermer.de\/muetterbefragung\/"},"modified":"2019-11-11T18:44:19","modified_gmt":"2019-11-11T17:44:19","slug":"muetterbefragung","status":"publish","type":"page","link":"https:\/\/muetterbefragung.de\/tr\/muetterbefragung\/","title":{"rendered":"Ana Sayfa"},"content":{"rendered":"<p>[vc_row row_height_percent=&#8221;0&#8243; override_padding=&#8221;yes&#8221; h_padding=&#8221;2&#8243; top_padding=&#8221;2&#8243; bottom_padding=&#8221;2&#8243; overlay_alpha=&#8221;50&#8243; gutter_size=&#8221;3&#8243; column_width_percent=&#8221;100&#8243; shift_y=&#8221;0&#8243; z_index=&#8221;0&#8243;][vc_column column_width_percent=&#8221;100&#8243; overlay_alpha=&#8221;50&#8243; gutter_size=&#8221;3&#8243; medium_width=&#8221;0&#8243; mobile_width=&#8221;0&#8243; shift_x=&#8221;0&#8243; shift_y=&#8221;0&#8243; shift_y_down=&#8221;0&#8243; z_index=&#8221;0&#8243; width=&#8221;1\/6&#8243;][\/vc_column][vc_column column_width_percent=&#8221;90&#8243; overlay_alpha=&#8221;50&#8243; gutter_size=&#8221;3&#8243; medium_width=&#8221;0&#8243; mobile_width=&#8221;0&#8243; shift_x=&#8221;0&#8243; shift_y=&#8221;0&#8243; shift_y_down=&#8221;0&#8243; z_index=&#8221;0&#8243; width=&#8221;4\/6&#8243;][vc_custom_heading]Anne anketi[\/vc_custom_heading][vc_column_text text_lead=&#8221;yes&#8221;]<strong><span style=\"font-family: -apple-system, BlinkMacSystemFont, 'Segoe UI', Roboto, Oxygen-Sans, Ubuntu, Cantarell, 'Helvetica Neue', sans-serif;\">Jinekologlar birli\u011fi, annelerin ve anne adaylar\u0131na daha iyi hizmet sunmak i\u00e7in sizlerden bu anketi doldurman\u0131z\u0131 rica ediyor. <\/span><\/strong><\/p>\n<p><span style=\"font-family: -apple-system, BlinkMacSystemFont, 'Segoe UI', Roboto, Oxygen-Sans, Ubuntu, Cantarell, 'Helvetica Neue', sans-serif;\">Bu ankete kat\u0131l\u0131m tamamen iste\u011fe ba\u011fl\u0131 ve anonimdir. \u0130sminiz, adresiniz veya telefon numaran\u0131z sorulmayacakt\u0131r. Ankete kat\u0131l\u0131m yakla\u015f\u0131k 15-20 dakika s\u00fcrer. Ankete ba\u015flamadan \u00f6nce gebelik c\u00fczdan\u0131n\u0131z\u0131 (Mutterpass) yan\u0131n\u0131zda bulundurman\u0131z size baz\u0131 sorular\u0131 h\u0131zl\u0131ca cevaplaman\u0131z a\u00e7\u0131s\u0131ndan avantaj sa\u011flayacakt\u0131r..<\/span>[\/vc_column_text][\/vc_column][vc_column width=&#8221;1\/6&#8243;][\/vc_column][\/vc_row][vc_row row_height_percent=&#8221;0&#8243; override_padding=&#8221;yes&#8221; h_padding=&#8221;2&#8243; top_padding=&#8221;0&#8243; bottom_padding=&#8221;2&#8243; overlay_alpha=&#8221;50&#8243; gutter_size=&#8221;3&#8243; column_width_percent=&#8221;100&#8243; shift_y=&#8221;0&#8243; z_index=&#8221;0&#8243;][vc_column column_width_percent=&#8221;100&#8243; overlay_alpha=&#8221;50&#8243; gutter_size=&#8221;3&#8243; medium_width=&#8221;0&#8243; mobile_width=&#8221;0&#8243; shift_x=&#8221;0&#8243; shift_y=&#8221;0&#8243; shift_y_down=&#8221;0&#8243; z_index=&#8221;0&#8243; width=&#8221;1\/6&#8243;][\/vc_column][vc_column column_width_percent=&#8221;48&#8243; align_horizontal=&#8221;align_center&#8221; expand_height=&#8221;yes&#8221; override_padding=&#8221;yes&#8221; column_padding=&#8221;0&#8243; overlay_alpha=&#8221;50&#8243; gutter_size=&#8221;3&#8243; medium_width=&#8221;0&#8243; mobile_width=&#8221;0&#8243; shift_x=&#8221;0&#8243; shift_y=&#8221;0&#8243; shift_y_down=&#8221;0&#8243; z_index=&#8221;0&#8243; width=&#8221;4\/6&#8243;][vc_button button_color=&#8221;color-705084&#8243; size=&#8221;btn-xl&#8221; radius=&#8221;btn-round&#8221; wide=&#8221;yes&#8221; border_width=&#8221;3&#8243; link=&#8221;url:http%3A%2F%2Fmuetterbefragung.de%2Ftr%2Fanket%2F|title:Fragebogen||&#8221;]Anket i\u00e7in buraya t\u0131klay\u0131n\u0131z[\/vc_button][\/vc_column][vc_column width=&#8221;1\/6&#8243;][\/vc_column][\/vc_row]<\/p>\n","protected":false},"excerpt":{"rendered":"<p>[vc_row row_height_percent=&#8221;0&#8243; override_padding=&#8221;yes&#8221; h_padding=&#8221;2&#8243; top_padding=&#8221;2&#8243; bottom_padding=&#8221;2&#8243; overlay_alpha=&#8221;50&#8243; gutter_size=&#8221;3&#8243; column_width_percent=&#8221;100&#8243; shift_y=&#8221;0&#8243; z_index=&#8221;0&#8243;][vc_column column_width_percent=&#8221;100&#8243; overlay_alpha=&#8221;50&#8243; gutter_size=&#8221;3&#8243; medium_width=&#8221;0&#8243; mobile_width=&#8221;0&#8243; shift_x=&#8221;0&#8243; shift_y=&#8221;0&#8243; shift_y_down=&#8221;0&#8243; z_index=&#8221;0&#8243; [&hellip;]<\/p>\n","protected":false},"author":1,"featured_media":455,"parent":0,"menu_order":0,"comment_status":"closed","ping_status":"closed","template":"","meta":[],"_links":{"self":[{"href":"https:\/\/muetterbefragung.de\/tr\/wp-json\/wp\/v2\/pages\/112"}],"collection":[{"href":"https:\/\/muetterbefragung.de\/tr\/wp-json\/wp\/v2\/pages"}],"about":[{"href":"https:\/\/muetterbefragung.de\/tr\/wp-json\/wp\/v2\/types\/page"}],"author":[{"embeddable":true,"href":"https:\/\/muetterbefragung.de\/tr\/wp-json\/wp\/v2\/users\/1"}],"replies":[{"embeddable":true,"href":"https:\/\/muetterbefragung.de\/tr\/wp-json\/wp\/v2\/comments?post=112"}],"version-history":[{"count":10,"href":"https:\/\/muetterbefragung.de\/tr\/wp-json\/wp\/v2\/pages\/112\/revisions"}],"predecessor-version":[{"id":452,"href":"https:\/\/muetterbefragung.de\/tr\/wp-json\/wp\/v2\/pages\/112\/revisions\/452"}],"wp:featuredmedia":[{"embeddable":true,"href":"https:\/\/muetterbefragung.de\/tr\/wp-json\/wp\/v2\/media\/455"}],"wp:attachment":[{"href":"https:\/\/muetterbefragung.de\/tr\/wp-json\/wp\/v2\/media?parent=112"}],"curies":[{"name":"wp","href":"https:\/\/api.w.org\/{rel}","templated":true}]}}