{"id":221,"date":"2019-08-16T10:43:13","date_gmt":"2019-08-16T08:43:13","guid":{"rendered":"http:\/\/muetterbefragung.buero-stuermer.de\/fuer-praxen\/"},"modified":"2019-12-10T11:17:51","modified_gmt":"2019-12-10T10:17:51","slug":"uygulamalar-icin","status":"publish","type":"page","link":"https:\/\/muetterbefragung.de\/tr\/uygulamalar-icin\/","title":{"rendered":"T\u0131bbi uygulamalar i\u00e7in"},"content":{"rendered":"<p>[vc_row row_height_percent=&#8221;0&#8243; overlay_alpha=&#8221;50&#8243; gutter_size=&#8221;3&#8243; column_width_percent=&#8221;100&#8243; shift_y=&#8221;0&#8243; z_index=&#8221;0&#8243;][vc_column column_width_percent=&#8221;90&#8243; gutter_size=&#8221;3&#8243; overlay_alpha=&#8221;50&#8243; shift_x=&#8221;0&#8243; shift_y=&#8221;0&#8243; shift_y_down=&#8221;0&#8243; z_index=&#8221;0&#8243; medium_width=&#8221;0&#8243; mobile_width=&#8221;0&#8243; width=&#8221;1\/1&#8243;][\/vc_column][\/vc_row][vc_row row_height_percent=&#8221;0&#8243; override_padding=&#8221;yes&#8221; h_padding=&#8221;2&#8243; top_padding=&#8221;2&#8243; bottom_padding=&#8221;1&#8243; overlay_alpha=&#8221;50&#8243; gutter_size=&#8221;3&#8243; column_width_percent=&#8221;100&#8243; shift_y=&#8221;0&#8243; z_index=&#8221;0&#8243;][vc_column column_width_percent=&#8221;100&#8243; gutter_size=&#8221;3&#8243; overlay_alpha=&#8221;50&#8243; shift_x=&#8221;0&#8243; shift_y=&#8221;0&#8243; shift_y_down=&#8221;0&#8243; z_index=&#8221;0&#8243; medium_width=&#8221;0&#8243; mobile_width=&#8221;0&#8243; width=&#8221;1\/6&#8243;][\/vc_column][vc_column column_width_percent=&#8221;90&#8243; gutter_size=&#8221;3&#8243; overlay_alpha=&#8221;50&#8243; shift_x=&#8221;0&#8243; shift_y=&#8221;0&#8243; shift_y_down=&#8221;0&#8243; z_index=&#8221;0&#8243; medium_width=&#8221;0&#8243; mobile_width=&#8221;0&#8243; width=&#8221;4\/6&#8243;][vc_custom_heading]Sevgili meslekta\u015flar\u0131m\u0131z,[\/vc_custom_heading][vc_column_text]<span style=\"font-weight: 400;\">hastalar\u0131n\u0131z\u0131n dikkatini ankete \u00e7ekmek ve onlar\u0131 kat\u0131lmaya davet etmek i\u00e7in, sizlere burada reklam ve bilgi sunmaktay\u0131z.<\/span>[\/vc_column_text][vc_row_inner][vc_column_inner width=&#8221;1\/4&#8243;][vc_single_image media=&#8221;208&#8243; caption=&#8221;yes&#8221; media_width_percent=&#8221;100&#8243;][\/vc_column_inner][vc_column_inner width=&#8221;3\/4&#8243;][uncode_list icon=&#8221;fa fa-download5&#8243;]<\/p>\n<ul>\n<li><a href=\"http:\/\/muetterbefragung.de\/wp-content\/uploads\/2019\/10\/MB_Einleger_20191024.pdf\">Einleger Mutterpass zum Ausdrucken in der Praxis<\/a><\/li>\n<li><a href=\"http:\/\/muetterbefragung.de\/wp-content\/uploads\/2019\/10\/MB_Flyer_20191024.pdf\">Flyer DIN lang (21 x 10 cm) zum Ausdrucken in der Praxis<\/a><\/li>\n<li><a href=\"http:\/\/muetterbefragung.de\/wp-content\/uploads\/2019\/10\/MB_A4-Plakat_20191024_P.pdf\">A4 Plakat zum Ausdruck in der Praxis<\/a><\/li>\n<li><a href=\"https:\/\/muetterbefragung.de\/wp-content\/uploads\/2019\/11\/MB_Einleger_20191119_DV.pdf\">Einleger Mutterpass DIN A6 als Druck-PDF<\/a><\/li>\n<li><a href=\"https:\/\/muetterbefragung.de\/wp-content\/uploads\/2019\/11\/MB_Flyer_20191119_DV.pdf\">Flyer DIN lang als Druck-PDF<\/a><\/li>\n<li><a href=\"http:\/\/muetterbefragung.de\/wp-content\/uploads\/2019\/10\/MB_A4-Plakat_20191024_DV.pdf\">A4 Plakat als Druck-PDF<\/a><\/li>\n<li><a href=\"http:\/\/muetterbefragung.de\/wp-content\/uploads\/2019\/10\/MB_A3-Plakat_20191024_DV.pdf\">A3 Plakat als Druck-PDF<\/a><\/li>\n<li><a href=\"http:\/\/muetterbefragung.de\/wp-content\/uploads\/2019\/10\/MB_A2-Plakat_20191024_DV.pdf\">A2 Plakat als Druck-PDF<\/a><\/li>\n<li><a href=\"http:\/\/muetterbefragung.de\/wp-content\/uploads\/2019\/10\/MB_Banner_300x300.jpg\">Banner f\u00fcr Ihre Webseite Quadrat (300 x 300 px)<\/a><\/li>\n<li><a href=\"http:\/\/muetterbefragung.de\/wp-content\/uploads\/2019\/10\/MB_Banner_600x200_.jpg\">Banner f\u00fcr Ihre Webseite Querformat (600 x 200 px)<\/a><\/li>\n<\/ul>\n<p>[\/uncode_list][\/vc_column_inner][\/vc_row_inner][vc_empty_space empty_h=&#8221;2&#8243; medium_visibility=&#8221;yes&#8221; mobile_visibility=&#8221;yes&#8221;][\/vc_column][vc_column width=&#8221;1\/6&#8243;][\/vc_column][\/vc_row]<\/p>\n","protected":false},"excerpt":{"rendered":"<p>[vc_row row_height_percent=&#8221;0&#8243; overlay_alpha=&#8221;50&#8243; gutter_size=&#8221;3&#8243; column_width_percent=&#8221;100&#8243; shift_y=&#8221;0&#8243; z_index=&#8221;0&#8243;][vc_column column_width_percent=&#8221;90&#8243; gutter_size=&#8221;3&#8243; overlay_alpha=&#8221;50&#8243; shift_x=&#8221;0&#8243; shift_y=&#8221;0&#8243; shift_y_down=&#8221;0&#8243; z_index=&#8221;0&#8243; medium_width=&#8221;0&#8243; mobile_width=&#8221;0&#8243; width=&#8221;1\/1&#8243;][\/vc_column][\/vc_row][vc_row row_height_percent=&#8221;0&#8243; override_padding=&#8221;yes&#8221; h_padding=&#8221;2&#8243; [&hellip;]<\/p>\n","protected":false},"author":1,"featured_media":0,"parent":0,"menu_order":0,"comment_status":"closed","ping_status":"closed","template":"","meta":[],"_links":{"self":[{"href":"https:\/\/muetterbefragung.de\/tr\/wp-json\/wp\/v2\/pages\/221"}],"collection":[{"href":"https:\/\/muetterbefragung.de\/tr\/wp-json\/wp\/v2\/pages"}],"about":[{"href":"https:\/\/muetterbefragung.de\/tr\/wp-json\/wp\/v2\/types\/page"}],"author":[{"embeddable":true,"href":"https:\/\/muetterbefragung.de\/tr\/wp-json\/wp\/v2\/users\/1"}],"replies":[{"embeddable":true,"href":"https:\/\/muetterbefragung.de\/tr\/wp-json\/wp\/v2\/comments?post=221"}],"version-history":[{"count":18,"href":"https:\/\/muetterbefragung.de\/tr\/wp-json\/wp\/v2\/pages\/221\/revisions"}],"predecessor-version":[{"id":533,"href":"https:\/\/muetterbefragung.de\/tr\/wp-json\/wp\/v2\/pages\/221\/revisions\/533"}],"wp:attachment":[{"href":"https:\/\/muetterbefragung.de\/tr\/wp-json\/wp\/v2\/media?parent=221"}],"curies":[{"name":"wp","href":"https:\/\/api.w.org\/{rel}","templated":true}]}}